{"id":41,"date":"2018-03-19T20:56:10","date_gmt":"2018-03-19T20:56:10","guid":{"rendered":"http:\/\/www.nelsonkon.com.br\/\/?page_id=41"},"modified":"2020-02-13T18:24:21","modified_gmt":"2020-02-13T18:24:21","slug":"sobre","status":"publish","type":"page","link":"https:\/\/www.nelsonkon.com.br\/en\/sobre\/","title":{"rendered":"About"},"content":{"rendered":"<p><\/p>\n<h1><a href=\"http:\/\/www.instagram.com\/explore\/tags\/nelsonkon\/\" target=\"_blank\" rel=\"noopener noreferrer\">#nelsonkon<\/a><\/h1>\n<p>&nbsp;<\/p>\n<p>Nelson Kon, Architectural Photographer based in Sao Paulo, has a\u00a0 degree in Architecture and Urbanism from the University of S\u00e3o Paulo.<\/p>\n<p>Since 1985, his work focuses on Architectural and Urban Photography.<\/p>\n<p>&nbsp;<\/p>\n<p>His <a href=\"https:\/\/www.nelsonkon.com.br\/en\/fotos\/\"><u>body of work<\/u><\/a> consists of Modern and Contemporary Brazilian Architectural images. This website displays part of his production and is continuously <a href=\"https:\/\/www.nelsonkon.com.br\/en\/fotos\/novidades\"><u>updated<\/u><\/a>.<\/p>\n<p>&nbsp;<\/p>\n<p>Any image showed here is protected under copyright and cannot, under any circumstances, be used without the photographer\u2019s permission.<\/p>\n<div class=\"rmwidget text force-repaint-content\">\n<div class=\"v2\">\n<p>&nbsp;<\/p>\n<p>For more information, please <span style=\"text-decoration: underline;\"><a href=\"https:\/\/www.nelsonkon.com.br\/en\/contato\/\">contact<\/a><\/span>.<\/p>\n<\/div>\n<p>&nbsp;<\/p>\n<\/div>\n<p>website developed by <span style=\"text-decoration: underline;\"><a href=\"http:\/\/www.tinpix.com\" target=\"_blank\" rel=\"noopener noreferrer\">tinpix<\/a><\/span> and <span style=\"text-decoration: underline;\"><a href=\"http:\/\/www.pencillabs.com.br\" target=\"_blank\" rel=\"noopener noreferrer\">pencillabs<\/a><\/span><\/p>\n<p>graphic design: <span style=\"text-decoration: underline;\"><a href=\"http:\/\/www.estacaocultura.com.br\" target=\"_blank\" rel=\"noopener noreferrer\">marise de chirico<\/a><\/span><\/p>","protected":false},"excerpt":{"rendered":"<p>#nelsonkon &nbsp; Nelson Kon, Architectural Photographer based in Sao Paulo, has a\u00a0 degree in Architecture and Urbanism from the University of S\u00e3o Paulo. Since 1985, his work focuses on Architectural and Urban Photography. &nbsp; His body of work consists of Modern and Contemporary Brazilian Architectural images. This website displays part of his production and is&#8230;  <a class=\"excerpt-read-more\" href=\"https:\/\/www.nelsonkon.com.br\/en\/sobre\/\" title=\"Read About\">Read more &raquo;<\/a><\/p>\n","protected":false},"author":4,"featured_media":3496,"parent":0,"menu_order":0,"comment_status":"closed","ping_status":"closed","template":"pages\/about-template.php","meta":{"footnotes":""},"class_list":["post-41","page","type-page","status-publish","has-post-thumbnail","hentry"],"yoast_head":"<!-- This site is optimized with the Yoast SEO plugin v23.5 - https:\/\/yoast.com\/wordpress\/plugins\/seo\/ -->\n<title><\/title>\n<meta name=\"description\" content=\"{:pb}Nelson Kon, fot\u00f3grafo com est\u00fadio em S\u00e3o Paulo, \u00e9 formado pela Faculdade de Arquitetura e Urbanismo da Universidade de S\u00e3o Paulo. Especializado em fotos de arquitetura e cidades, atua profissionalmente desde 1985.{:}\" \/>\n<meta name=\"robots\" content=\"index, follow, max-snippet:-1, max-image-preview:large, max-video-preview:-1\" \/>\n<link rel=\"canonical\" href=\"https:\/\/www.nelsonkon.com.br\/sobre\/\" \/>\n<meta property=\"og:locale\" content=\"en_US\" \/>\n<meta property=\"og:type\" content=\"article\" \/>\n<meta property=\"og:title\" content=\"[:pb]Nelson Kon, fot\u00f3grafo especializado em fotos de arquitetura e cidades[:]\" \/>\n<meta property=\"og:description\" content=\"{:pb}Nelson Kon, fot\u00f3grafo com est\u00fadio em S\u00e3o Paulo, \u00e9 formado pela Faculdade de Arquitetura e Urbanismo da Universidade de S\u00e3o Paulo. Especializado em fotos de arquitetura e cidades, atua profissionalmente desde 1985.{:}\" \/>\n<meta property=\"og:url\" content=\"https:\/\/www.nelsonkon.com.br\/sobre\/\" \/>\n<meta property=\"og:site_name\" content=\"Nelson Kon\" \/>\n<meta property=\"article:modified_time\" content=\"2020-02-13T18:24:21+00:00\" \/>\n<meta property=\"og:image\" content=\"http:\/\/www.nelsonkon.com.br\/wp-content\/uploads\/2018\/09\/retr.jpg\" \/>\n\t<meta property=\"og:image:width\" content=\"1070\" \/>\n\t<meta property=\"og:image:height\" content=\"695\" \/>\n\t<meta property=\"og:image:type\" content=\"image\/jpeg\" \/>\n<meta name=\"twitter:card\" content=\"summary_large_image\" \/>\n<meta name=\"twitter:label1\" content=\"Est. reading time\" \/>\n\t<meta name=\"twitter:data1\" content=\"1 minute\" \/>\n<script type=\"application\/ld+json\" class=\"yoast-schema-graph\">{\"@context\":\"https:\/\/schema.org\",\"@graph\":[{\"@type\":\"WebPage\",\"@id\":\"https:\/\/www.nelsonkon.com.br\/sobre\/\",\"url\":\"https:\/\/www.nelsonkon.com.br\/sobre\/\",\"name\":\"[:pb]Nelson Kon, fot\u00f3grafo especializado em fotos de arquitetura e cidades[:]\",\"isPartOf\":{\"@id\":\"https:\/\/www.nelsonkon.com.br\/#website\"},\"primaryImageOfPage\":{\"@id\":\"https:\/\/www.nelsonkon.com.br\/sobre\/#primaryimage\"},\"image\":{\"@id\":\"https:\/\/www.nelsonkon.com.br\/sobre\/#primaryimage\"},\"thumbnailUrl\":\"https:\/\/www.nelsonkon.com.br\/wp-content\/uploads\/2018\/09\/retr.jpg\",\"datePublished\":\"2018-03-19T20:56:10+00:00\",\"dateModified\":\"2020-02-13T18:24:21+00:00\",\"description\":\"{:pb}Nelson Kon, fot\u00f3grafo com est\u00fadio em S\u00e3o Paulo, \u00e9 formado pela Faculdade de Arquitetura e Urbanismo da Universidade de S\u00e3o Paulo. Especializado em fotos de arquitetura e cidades, atua profissionalmente desde 1985.{:}\",\"breadcrumb\":{\"@id\":\"https:\/\/www.nelsonkon.com.br\/sobre\/#breadcrumb\"},\"inLanguage\":\"en-US\",\"potentialAction\":[{\"@type\":\"ReadAction\",\"target\":[\"https:\/\/www.nelsonkon.com.br\/sobre\/\"]}]},{\"@type\":\"ImageObject\",\"inLanguage\":\"en-US\",\"@id\":\"https:\/\/www.nelsonkon.com.br\/sobre\/#primaryimage\",\"url\":\"https:\/\/www.nelsonkon.com.br\/wp-content\/uploads\/2018\/09\/retr.jpg\",\"contentUrl\":\"https:\/\/www.nelsonkon.com.br\/wp-content\/uploads\/2018\/09\/retr.jpg\",\"width\":1070,\"height\":695},{\"@type\":\"BreadcrumbList\",\"@id\":\"https:\/\/www.nelsonkon.com.br\/sobre\/#breadcrumb\",\"itemListElement\":[{\"@type\":\"ListItem\",\"position\":1,\"name\":\"Home\",\"item\":\"https:\/\/www.nelsonkon.com.br\/\"},{\"@type\":\"ListItem\",\"position\":2,\"name\":\"About\"}]},{\"@type\":\"WebSite\",\"@id\":\"https:\/\/www.nelsonkon.com.br\/#website\",\"url\":\"https:\/\/www.nelsonkon.com.br\/\",\"name\":\"Nelson Kon\",\"description\":\"Photography of architecture and brazilian cities\",\"potentialAction\":[{\"@type\":\"SearchAction\",\"target\":{\"@type\":\"EntryPoint\",\"urlTemplate\":\"https:\/\/www.nelsonkon.com.br\/?s={search_term_string}\"},\"query-input\":{\"@type\":\"PropertyValueSpecification\",\"valueRequired\":true,\"valueName\":\"search_term_string\"}}],\"inLanguage\":\"en-US\"}]}<\/script>\n<!-- \/ Yoast SEO plugin. -->","yoast_head_json":{"title":"[:pb]Nelson Kon, fot\u00f3grafo especializado em fotos de arquitetura e cidades[:]","description":"{:pb}Nelson Kon, fot\u00f3grafo com est\u00fadio em S\u00e3o Paulo, \u00e9 formado pela Faculdade de Arquitetura e Urbanismo da Universidade de S\u00e3o Paulo. Especializado em fotos de arquitetura e cidades, atua profissionalmente desde 1985.{:}","robots":{"index":"index","follow":"follow","max-snippet":"max-snippet:-1","max-image-preview":"max-image-preview:large","max-video-preview":"max-video-preview:-1"},"canonical":"https:\/\/www.nelsonkon.com.br\/sobre\/","og_locale":"en_US","og_type":"article","og_title":"[:pb]Nelson Kon, fot\u00f3grafo especializado em fotos de arquitetura e cidades[:]","og_description":"{:pb}Nelson Kon, fot\u00f3grafo com est\u00fadio em S\u00e3o Paulo, \u00e9 formado pela Faculdade de Arquitetura e Urbanismo da Universidade de S\u00e3o Paulo. Especializado em fotos de arquitetura e cidades, atua profissionalmente desde 1985.{:}","og_url":"https:\/\/www.nelsonkon.com.br\/sobre\/","og_site_name":"Nelson Kon","article_modified_time":"2020-02-13T18:24:21+00:00","og_image":[{"width":1070,"height":695,"url":"http:\/\/www.nelsonkon.com.br\/wp-content\/uploads\/2018\/09\/retr.jpg","type":"image\/jpeg"}],"twitter_card":"summary_large_image","twitter_misc":{"Est. reading time":"1 minute"},"schema":{"@context":"https:\/\/schema.org","@graph":[{"@type":"WebPage","@id":"https:\/\/www.nelsonkon.com.br\/sobre\/","url":"https:\/\/www.nelsonkon.com.br\/sobre\/","name":"[:pb]Nelson Kon, fot\u00f3grafo especializado em fotos de arquitetura e cidades[:]","isPartOf":{"@id":"https:\/\/www.nelsonkon.com.br\/#website"},"primaryImageOfPage":{"@id":"https:\/\/www.nelsonkon.com.br\/sobre\/#primaryimage"},"image":{"@id":"https:\/\/www.nelsonkon.com.br\/sobre\/#primaryimage"},"thumbnailUrl":"https:\/\/www.nelsonkon.com.br\/wp-content\/uploads\/2018\/09\/retr.jpg","datePublished":"2018-03-19T20:56:10+00:00","dateModified":"2020-02-13T18:24:21+00:00","description":"{:pb}Nelson Kon, fot\u00f3grafo com est\u00fadio em S\u00e3o Paulo, \u00e9 formado pela Faculdade de Arquitetura e Urbanismo da Universidade de S\u00e3o Paulo. Especializado em fotos de arquitetura e cidades, atua profissionalmente desde 1985.{:}","breadcrumb":{"@id":"https:\/\/www.nelsonkon.com.br\/sobre\/#breadcrumb"},"inLanguage":"en-US","potentialAction":[{"@type":"ReadAction","target":["https:\/\/www.nelsonkon.com.br\/sobre\/"]}]},{"@type":"ImageObject","inLanguage":"en-US","@id":"https:\/\/www.nelsonkon.com.br\/sobre\/#primaryimage","url":"https:\/\/www.nelsonkon.com.br\/wp-content\/uploads\/2018\/09\/retr.jpg","contentUrl":"https:\/\/www.nelsonkon.com.br\/wp-content\/uploads\/2018\/09\/retr.jpg","width":1070,"height":695},{"@type":"BreadcrumbList","@id":"https:\/\/www.nelsonkon.com.br\/sobre\/#breadcrumb","itemListElement":[{"@type":"ListItem","position":1,"name":"Home","item":"https:\/\/www.nelsonkon.com.br\/"},{"@type":"ListItem","position":2,"name":"About"}]},{"@type":"WebSite","@id":"https:\/\/www.nelsonkon.com.br\/#website","url":"https:\/\/www.nelsonkon.com.br\/","name":"Nelson Kon","description":"Photography of architecture and brazilian cities","potentialAction":[{"@type":"SearchAction","target":{"@type":"EntryPoint","urlTemplate":"https:\/\/www.nelsonkon.com.br\/?s={search_term_string}"},"query-input":{"@type":"PropertyValueSpecification","valueRequired":true,"valueName":"search_term_string"}}],"inLanguage":"en-US"}]}},"_links":{"self":[{"href":"https:\/\/www.nelsonkon.com.br\/en\/wp-json\/wp\/v2\/pages\/41","targetHints":{"allow":["GET"]}}],"collection":[{"href":"https:\/\/www.nelsonkon.com.br\/en\/wp-json\/wp\/v2\/pages"}],"about":[{"href":"https:\/\/www.nelsonkon.com.br\/en\/wp-json\/wp\/v2\/types\/page"}],"author":[{"embeddable":true,"href":"https:\/\/www.nelsonkon.com.br\/en\/wp-json\/wp\/v2\/users\/4"}],"replies":[{"embeddable":true,"href":"https:\/\/www.nelsonkon.com.br\/en\/wp-json\/wp\/v2\/comments?post=41"}],"version-history":[{"count":70,"href":"https:\/\/www.nelsonkon.com.br\/en\/wp-json\/wp\/v2\/pages\/41\/revisions"}],"predecessor-version":[{"id":20352,"href":"https:\/\/www.nelsonkon.com.br\/en\/wp-json\/wp\/v2\/pages\/41\/revisions\/20352"}],"wp:featuredmedia":[{"embeddable":true,"href":"https:\/\/www.nelsonkon.com.br\/en\/wp-json\/wp\/v2\/media\/3496"}],"wp:attachment":[{"href":"https:\/\/www.nelsonkon.com.br\/en\/wp-json\/wp\/v2\/media?parent=41"}],"curies":[{"name":"wp","href":"https:\/\/api.w.org\/{rel}","templated":true}]}}